{"id":429,"date":"2026-01-08T01:21:50","date_gmt":"2026-01-08T01:21:50","guid":{"rendered":"https:\/\/carpetexperts.ca\/?page_id=429"},"modified":"2026-01-08T01:21:50","modified_gmt":"2026-01-08T01:21:50","slug":"installation-chemin-escalier-ottawa","status":"publish","type":"page","link":"https:\/\/carpetexperts.ca\/fr\/installation-chemin-escalier-ottawa\/","title":{"rendered":"Installation de chemin d'escalier Ottawa"},"content":{"rendered":"","protected":false},"excerpt":{"rendered":"","protected":false},"author":1,"featured_media":0,"parent":0,"menu_order":0,"comment_status":"closed","ping_status":"closed","template":"page-templates\/template-main-service.php","meta":{"_acf_changed":false,"footnotes":""},"class_list":["post-429","page","type-page","status-publish","hentry"],"acf":[],"yoast_head":"<!-- This site is optimized with the Yoast SEO plugin v26.6 - https:\/\/yoast.com\/wordpress\/plugins\/seo\/ -->\n<title>Stair Runner Installation Ottawa - Carpet Experts Ottawa<\/title>\n<meta name=\"robots\" content=\"index, follow, max-snippet:-1, max-image-preview:large, max-video-preview:-1\" \/>\n<link rel=\"canonical\" href=\"https:\/\/carpetexperts.ca\/fr\/installation-chemin-escalier-ottawa\/\" \/>\n<meta property=\"og:locale\" content=\"fr_CA\" \/>\n<meta property=\"og:type\" content=\"article\" \/>\n<meta property=\"og:title\" content=\"Stair Runner Installation Ottawa - Carpet Experts Ottawa\" \/>\n<meta property=\"og:url\" content=\"https:\/\/carpetexperts.ca\/fr\/installation-chemin-escalier-ottawa\/\" \/>\n<meta property=\"og:site_name\" content=\"Carpet Experts Ottawa\" \/>\n<meta name=\"twitter:card\" content=\"summary_large_image\" \/>\n<script type=\"application\/ld+json\" class=\"yoast-schema-graph\">{\"@context\":\"https:\/\/schema.org\",\"@graph\":[{\"@type\":\"WebPage\",\"@id\":\"https:\/\/carpetexperts.ca\/stair-runner-installation-ottawa\/\",\"url\":\"https:\/\/carpetexperts.ca\/stair-runner-installation-ottawa\/\",\"name\":\"Stair Runner Installation Ottawa - Carpet Experts Ottawa\",\"isPartOf\":{\"@id\":\"https:\/\/carpetexperts.ca\/#website\"},\"datePublished\":\"2026-01-08T01:21:50+00:00\",\"breadcrumb\":{\"@id\":\"https:\/\/carpetexperts.ca\/stair-runner-installation-ottawa\/#breadcrumb\"},\"inLanguage\":\"fr-CA\",\"potentialAction\":[{\"@type\":\"ReadAction\",\"target\":[\"https:\/\/carpetexperts.ca\/stair-runner-installation-ottawa\/\"]}]},{\"@type\":\"BreadcrumbList\",\"@id\":\"https:\/\/carpetexperts.ca\/stair-runner-installation-ottawa\/#breadcrumb\",\"itemListElement\":[{\"@type\":\"ListItem\",\"position\":1,\"name\":\"Home\",\"item\":\"https:\/\/carpetexperts.ca\/\"},{\"@type\":\"ListItem\",\"position\":2,\"name\":\"Stair Runner Installation Ottawa\"}]},{\"@type\":\"WebSite\",\"@id\":\"https:\/\/carpetexperts.ca\/#website\",\"url\":\"https:\/\/carpetexperts.ca\/\",\"name\":\"Carpet Experts Ottawa\",\"description\":\"Professional carpet installation services in Ottawa. Expert stair carpet, repairs, stretching & commercial flooring.\",\"potentialAction\":[{\"@type\":\"SearchAction\",\"target\":{\"@type\":\"EntryPoint\",\"urlTemplate\":\"https:\/\/carpetexperts.ca\/?s={search_term_string}\"},\"query-input\":{\"@type\":\"PropertyValueSpecification\",\"valueRequired\":true,\"valueName\":\"search_term_string\"}}],\"inLanguage\":\"fr-CA\"}]}<\/script>\n<!-- \/ Yoast SEO plugin. -->","yoast_head_json":{"title":"Installation de tapis d'escalier \u00e0 Ottawa | Experts en tapis Ottawa","robots":{"index":"index","follow":"follow","max-snippet":"max-snippet:-1","max-image-preview":"max-image-preview:large","max-video-preview":"max-video-preview:-1"},"canonical":"https:\/\/carpetexperts.ca\/fr\/installation-chemin-escalier-ottawa\/","og_locale":"fr_CA","og_type":"article","og_title":"Stair Runner Installation Ottawa - Carpet Experts Ottawa","og_url":"https:\/\/carpetexperts.ca\/fr\/installation-chemin-escalier-ottawa\/","og_site_name":"Carpet Experts Ottawa","twitter_card":"summary_large_image","schema":{"@context":"https:\/\/schema.org","@graph":[{"@type":"WebPage","@id":"https:\/\/carpetexperts.ca\/stair-runner-installation-ottawa\/","url":"https:\/\/carpetexperts.ca\/stair-runner-installation-ottawa\/","name":"Installation de tapis d'escalier \u00e0 Ottawa | Experts en tapis Ottawa","isPartOf":{"@id":"https:\/\/carpetexperts.ca\/#website"},"datePublished":"2026-01-08T01:21:50+00:00","breadcrumb":{"@id":"https:\/\/carpetexperts.ca\/stair-runner-installation-ottawa\/#breadcrumb"},"inLanguage":"fr-CA","potentialAction":[{"@type":"ReadAction","target":["https:\/\/carpetexperts.ca\/stair-runner-installation-ottawa\/"]}]},{"@type":"BreadcrumbList","@id":"https:\/\/carpetexperts.ca\/stair-runner-installation-ottawa\/#breadcrumb","itemListElement":[{"@type":"ListItem","position":1,"name":"Home","item":"https:\/\/carpetexperts.ca\/"},{"@type":"ListItem","position":2,"name":"Stair Runner Installation Ottawa"}]},{"@type":"WebSite","@id":"https:\/\/carpetexperts.ca\/#website","url":"https:\/\/carpetexperts.ca\/","name":"Experts en Tapis Ottawa","description":"Services professionnels d'installation de tapis \u00e0 Ottawa. Tapis d'escalier, r\u00e9parations, \u00e9tirement et rev\u00eatements commerciaux.","potentialAction":[{"@type":"SearchAction","target":{"@type":"EntryPoint","urlTemplate":"https:\/\/carpetexperts.ca\/?s={search_term_string}"},"query-input":{"@type":"PropertyValueSpecification","valueRequired":true,"valueName":"search_term_string"}}],"inLanguage":"fr-CA"}]}},"_links":{"self":[{"href":"https:\/\/carpetexperts.ca\/fr\/wp-json\/wp\/v2\/pages\/429","targetHints":{"allow":["GET"]}}],"collection":[{"href":"https:\/\/carpetexperts.ca\/fr\/wp-json\/wp\/v2\/pages"}],"about":[{"href":"https:\/\/carpetexperts.ca\/fr\/wp-json\/wp\/v2\/types\/page"}],"author":[{"embeddable":true,"href":"https:\/\/carpetexperts.ca\/fr\/wp-json\/wp\/v2\/users\/1"}],"replies":[{"embeddable":true,"href":"https:\/\/carpetexperts.ca\/fr\/wp-json\/wp\/v2\/comments?post=429"}],"version-history":[{"count":0,"href":"https:\/\/carpetexperts.ca\/fr\/wp-json\/wp\/v2\/pages\/429\/revisions"}],"wp:attachment":[{"href":"https:\/\/carpetexperts.ca\/fr\/wp-json\/wp\/v2\/media?parent=429"}],"curies":[{"name":"wp","href":"https:\/\/api.w.org\/{rel}","templated":true}]}}