{"id":40,"date":"2025-12-20T16:26:45","date_gmt":"2025-12-20T16:26:45","guid":{"rendered":""},"modified":"2025-12-20T16:26:45","modified_gmt":"2025-12-20T16:26:45","slug":"bedroom-carpet","status":"publish","type":"page","link":"https:\/\/carpetexperts.ca\/fr\/bedroom-carpet\/","title":{"rendered":"Tapis de Chambre"},"content":{"rendered":"","protected":false},"excerpt":{"rendered":"<p>Installation professionnelle de tapis de chambre.<\/p>","protected":false},"author":1,"featured_media":0,"parent":0,"menu_order":0,"comment_status":"closed","ping_status":"closed","template":"page-templates\/template-service.php","meta":{"_acf_changed":false,"footnotes":""},"class_list":["post-40","page","type-page","status-publish","hentry"],"acf":[],"yoast_head":"<!-- This site is optimized with the Yoast SEO plugin v26.6 - https:\/\/yoast.com\/wordpress\/plugins\/seo\/ -->\n<title>Stair Carpet Repair Ottawa | Fix Loose &amp; Worn Stairs<\/title>\n<meta name=\"description\" content=\"Stair carpet repair in Ottawa. Fix loose, worn or damaged stair carpet. Restore safety.\" \/>\n<meta name=\"robots\" content=\"index, follow, max-snippet:-1, max-image-preview:large, max-video-preview:-1\" \/>\n<link rel=\"canonical\" href=\"https:\/\/carpetexperts.ca\/fr\/interlock-step-repair\/\" \/>\n<meta property=\"og:locale\" content=\"fr_CA\" \/>\n<meta property=\"og:type\" content=\"article\" \/>\n<meta property=\"og:title\" content=\"Stair Carpet Repair Ottawa | Fix Loose &amp; Worn Stairs\" \/>\n<meta property=\"og:description\" content=\"Stair carpet repair in Ottawa. Fix loose, worn or damaged stair carpet. Restore safety.\" \/>\n<meta property=\"og:url\" content=\"https:\/\/carpetexperts.ca\/fr\/interlock-step-repair\/\" \/>\n<meta property=\"og:site_name\" content=\"Carpet Experts Ottawa\" \/>\n<meta name=\"twitter:card\" content=\"summary_large_image\" \/>\n<script type=\"application\/ld+json\" class=\"yoast-schema-graph\">{\"@context\":\"https:\/\/schema.org\",\"@graph\":[{\"@type\":\"WebPage\",\"@id\":\"https:\/\/carpetexperts.ca\/interlock-step-repair\/\",\"url\":\"https:\/\/carpetexperts.ca\/interlock-step-repair\/\",\"name\":\"Stair Carpet Repair Ottawa | Fix Loose & Worn Stairs\",\"isPartOf\":{\"@id\":\"https:\/\/carpetexperts.ca\/#website\"},\"datePublished\":\"2025-12-20T16:26:45+00:00\",\"description\":\"Stair carpet repair in Ottawa. Fix loose, worn or damaged stair carpet. Restore safety.\",\"breadcrumb\":{\"@id\":\"https:\/\/carpetexperts.ca\/interlock-step-repair\/#breadcrumb\"},\"inLanguage\":\"fr-CA\",\"potentialAction\":[{\"@type\":\"ReadAction\",\"target\":[\"https:\/\/carpetexperts.ca\/interlock-step-repair\/\"]}]},{\"@type\":\"BreadcrumbList\",\"@id\":\"https:\/\/carpetexperts.ca\/interlock-step-repair\/#breadcrumb\",\"itemListElement\":[{\"@type\":\"ListItem\",\"position\":1,\"name\":\"Home\",\"item\":\"https:\/\/carpetexperts.ca\/\"},{\"@type\":\"ListItem\",\"position\":2,\"name\":\"Interlock Step Repair\"}]},{\"@type\":\"WebSite\",\"@id\":\"https:\/\/carpetexperts.ca\/#website\",\"url\":\"https:\/\/carpetexperts.ca\/\",\"name\":\"Carpet Experts Ottawa\",\"description\":\"Professional carpet installation services in Ottawa. Expert stair carpet, repairs, stretching & commercial flooring.\",\"potentialAction\":[{\"@type\":\"SearchAction\",\"target\":{\"@type\":\"EntryPoint\",\"urlTemplate\":\"https:\/\/carpetexperts.ca\/?s={search_term_string}\"},\"query-input\":{\"@type\":\"PropertyValueSpecification\",\"valueRequired\":true,\"valueName\":\"search_term_string\"}}],\"inLanguage\":\"fr-CA\"}]}<\/script>\n<!-- \/ Yoast SEO plugin. -->","yoast_head_json":{"title":"R\u00e9paration de tapis d'escalier Ottawa | R\u00e9parez les escaliers l\u00e2ches et us\u00e9s","description":"R\u00e9paration de tapis d'escalier \u00e0 Ottawa. R\u00e9parez les tapis d'escalier l\u00e2ches, us\u00e9s ou endommag\u00e9s. Restaurez la s\u00e9curit\u00e9.","robots":{"index":"index","follow":"follow","max-snippet":"max-snippet:-1","max-image-preview":"max-image-preview:large","max-video-preview":"max-video-preview:-1"},"canonical":"https:\/\/carpetexperts.ca\/fr\/interlock-step-repair\/","og_locale":"fr_CA","og_type":"article","og_title":"Stair Carpet Repair Ottawa | Fix Loose & Worn Stairs","og_description":"Stair carpet repair in Ottawa. Fix loose, worn or damaged stair carpet. Restore safety.","og_url":"https:\/\/carpetexperts.ca\/fr\/interlock-step-repair\/","og_site_name":"Carpet Experts Ottawa","twitter_card":"summary_large_image","schema":{"@context":"https:\/\/schema.org","@graph":[{"@type":"WebPage","@id":"https:\/\/carpetexperts.ca\/interlock-step-repair\/","url":"https:\/\/carpetexperts.ca\/interlock-step-repair\/","name":"R\u00e9paration de tapis d'escalier Ottawa | R\u00e9parez les escaliers l\u00e2ches et us\u00e9s","isPartOf":{"@id":"https:\/\/carpetexperts.ca\/#website"},"datePublished":"2025-12-20T16:26:45+00:00","description":"R\u00e9paration de tapis d'escalier \u00e0 Ottawa. R\u00e9parez les tapis d'escalier l\u00e2ches, us\u00e9s ou endommag\u00e9s. Restaurez la s\u00e9curit\u00e9.","breadcrumb":{"@id":"https:\/\/carpetexperts.ca\/interlock-step-repair\/#breadcrumb"},"inLanguage":"fr-CA","potentialAction":[{"@type":"ReadAction","target":["https:\/\/carpetexperts.ca\/interlock-step-repair\/"]}]},{"@type":"BreadcrumbList","@id":"https:\/\/carpetexperts.ca\/interlock-step-repair\/#breadcrumb","itemListElement":[{"@type":"ListItem","position":1,"name":"Home","item":"https:\/\/carpetexperts.ca\/"},{"@type":"ListItem","position":2,"name":"Interlock Step Repair"}]},{"@type":"WebSite","@id":"https:\/\/carpetexperts.ca\/#website","url":"https:\/\/carpetexperts.ca\/","name":"Experts en Tapis Ottawa","description":"Services professionnels d'installation de tapis \u00e0 Ottawa. Tapis d'escalier, r\u00e9parations, \u00e9tirement et rev\u00eatements commerciaux.","potentialAction":[{"@type":"SearchAction","target":{"@type":"EntryPoint","urlTemplate":"https:\/\/carpetexperts.ca\/?s={search_term_string}"},"query-input":{"@type":"PropertyValueSpecification","valueRequired":true,"valueName":"search_term_string"}}],"inLanguage":"fr-CA"}]}},"_links":{"self":[{"href":"https:\/\/carpetexperts.ca\/fr\/wp-json\/wp\/v2\/pages\/40","targetHints":{"allow":["GET"]}}],"collection":[{"href":"https:\/\/carpetexperts.ca\/fr\/wp-json\/wp\/v2\/pages"}],"about":[{"href":"https:\/\/carpetexperts.ca\/fr\/wp-json\/wp\/v2\/types\/page"}],"author":[{"embeddable":true,"href":"https:\/\/carpetexperts.ca\/fr\/wp-json\/wp\/v2\/users\/1"}],"replies":[{"embeddable":true,"href":"https:\/\/carpetexperts.ca\/fr\/wp-json\/wp\/v2\/comments?post=40"}],"version-history":[{"count":0,"href":"https:\/\/carpetexperts.ca\/fr\/wp-json\/wp\/v2\/pages\/40\/revisions"}],"wp:attachment":[{"href":"https:\/\/carpetexperts.ca\/fr\/wp-json\/wp\/v2\/media?parent=40"}],"curies":[{"name":"wp","href":"https:\/\/api.w.org\/{rel}","templated":true}]}}