{"id":37,"date":"2025-12-20T16:26:45","date_gmt":"2025-12-20T16:26:45","guid":{"rendered":""},"modified":"2025-12-20T16:26:45","modified_gmt":"2025-12-20T16:26:45","slug":"carpet-seaming","status":"publish","type":"page","link":"https:\/\/carpetexperts.ca\/fr\/carpet-seaming\/","title":{"rendered":"Coutures de Tapis"},"content":{"rendered":"","protected":false},"excerpt":{"rendered":"<p>Installation professionnelle de sable polym\u00e9rique pour une protection durable des joints.<\/p>","protected":false},"author":1,"featured_media":0,"parent":0,"menu_order":0,"comment_status":"closed","ping_status":"closed","template":"page-templates\/template-service.php","meta":{"_acf_changed":false,"footnotes":""},"class_list":["post-37","page","type-page","status-publish","hentry"],"acf":[],"yoast_head":"<!-- This site is optimized with the Yoast SEO plugin v26.6 - https:\/\/yoast.com\/wordpress\/plugins\/seo\/ -->\n<title>Polymeric Sand Installation Ottawa | Weed Prevention<\/title>\n<meta name=\"description\" content=\"Professional polymeric sand installation in Ottawa. Stop weeds, prevent ants &amp; protect paver joints. Proper application that lasts 8-10 years.\" \/>\n<meta name=\"robots\" content=\"index, follow, max-snippet:-1, max-image-preview:large, max-video-preview:-1\" \/>\n<link rel=\"canonical\" href=\"https:\/\/carpetexperts.ca\/fr\/polymeric-sand-installation\/\" \/>\n<meta property=\"og:locale\" content=\"fr_CA\" \/>\n<meta property=\"og:type\" content=\"article\" \/>\n<meta property=\"og:title\" content=\"Polymeric Sand Installation Ottawa | Weed Prevention\" \/>\n<meta property=\"og:description\" content=\"Professional polymeric sand installation in Ottawa. Stop weeds, prevent ants &amp; protect paver joints. Proper application that lasts 8-10 years.\" \/>\n<meta property=\"og:url\" content=\"https:\/\/carpetexperts.ca\/fr\/polymeric-sand-installation\/\" \/>\n<meta property=\"og:site_name\" content=\"Carpet Experts Ottawa\" \/>\n<meta name=\"twitter:card\" content=\"summary_large_image\" \/>\n<script type=\"application\/ld+json\" class=\"yoast-schema-graph\">{\"@context\":\"https:\/\/schema.org\",\"@graph\":[{\"@type\":\"WebPage\",\"@id\":\"https:\/\/carpetexperts.ca\/polymeric-sand-installation\/\",\"url\":\"https:\/\/carpetexperts.ca\/polymeric-sand-installation\/\",\"name\":\"Polymeric Sand Installation Ottawa | Weed Prevention\",\"isPartOf\":{\"@id\":\"https:\/\/carpetexperts.ca\/#website\"},\"datePublished\":\"2025-12-20T16:26:45+00:00\",\"description\":\"Professional polymeric sand installation in Ottawa. Stop weeds, prevent ants & protect paver joints. Proper application that lasts 8-10 years.\",\"breadcrumb\":{\"@id\":\"https:\/\/carpetexperts.ca\/polymeric-sand-installation\/#breadcrumb\"},\"inLanguage\":\"fr-CA\",\"potentialAction\":[{\"@type\":\"ReadAction\",\"target\":[\"https:\/\/carpetexperts.ca\/polymeric-sand-installation\/\"]}]},{\"@type\":\"BreadcrumbList\",\"@id\":\"https:\/\/carpetexperts.ca\/polymeric-sand-installation\/#breadcrumb\",\"itemListElement\":[{\"@type\":\"ListItem\",\"position\":1,\"name\":\"Home\",\"item\":\"https:\/\/carpetexperts.ca\/\"},{\"@type\":\"ListItem\",\"position\":2,\"name\":\"Polymeric Sand Installation\"}]},{\"@type\":\"WebSite\",\"@id\":\"https:\/\/carpetexperts.ca\/#website\",\"url\":\"https:\/\/carpetexperts.ca\/\",\"name\":\"Carpet Experts Ottawa\",\"description\":\"Professional carpet installation services in Ottawa. Expert stair carpet, repairs, stretching & commercial flooring.\",\"potentialAction\":[{\"@type\":\"SearchAction\",\"target\":{\"@type\":\"EntryPoint\",\"urlTemplate\":\"https:\/\/carpetexperts.ca\/?s={search_term_string}\"},\"query-input\":{\"@type\":\"PropertyValueSpecification\",\"valueRequired\":true,\"valueName\":\"search_term_string\"}}],\"inLanguage\":\"fr-CA\"}]}<\/script>\n<!-- \/ Yoast SEO plugin. -->","yoast_head_json":{"title":"Installation de sable polym\u00e9rique Ottawa | Pr\u00e9vention des mauvaises herbes","description":"Installation professionnelle de sable polym\u00e9rique \u00e0 Ottawa. Arr\u00eatez les mauvaises herbes, pr\u00e9venez les fourmis et prot\u00e9gez les joints de pav\u00e9s.","robots":{"index":"index","follow":"follow","max-snippet":"max-snippet:-1","max-image-preview":"max-image-preview:large","max-video-preview":"max-video-preview:-1"},"canonical":"https:\/\/carpetexperts.ca\/fr\/polymeric-sand-installation\/","og_locale":"fr_CA","og_type":"article","og_title":"Polymeric Sand Installation Ottawa | Weed Prevention","og_description":"Professional polymeric sand installation in Ottawa. Stop weeds, prevent ants & protect paver joints. Proper application that lasts 8-10 years.","og_url":"https:\/\/carpetexperts.ca\/fr\/polymeric-sand-installation\/","og_site_name":"Carpet Experts Ottawa","twitter_card":"summary_large_image","schema":{"@context":"https:\/\/schema.org","@graph":[{"@type":"WebPage","@id":"https:\/\/carpetexperts.ca\/polymeric-sand-installation\/","url":"https:\/\/carpetexperts.ca\/polymeric-sand-installation\/","name":"Installation de sable polym\u00e9rique Ottawa | Pr\u00e9vention des mauvaises herbes","isPartOf":{"@id":"https:\/\/carpetexperts.ca\/#website"},"datePublished":"2025-12-20T16:26:45+00:00","description":"Installation professionnelle de sable polym\u00e9rique \u00e0 Ottawa. Arr\u00eatez les mauvaises herbes, pr\u00e9venez les fourmis et prot\u00e9gez les joints de pav\u00e9s.","breadcrumb":{"@id":"https:\/\/carpetexperts.ca\/polymeric-sand-installation\/#breadcrumb"},"inLanguage":"fr-CA","potentialAction":[{"@type":"ReadAction","target":["https:\/\/carpetexperts.ca\/polymeric-sand-installation\/"]}]},{"@type":"BreadcrumbList","@id":"https:\/\/carpetexperts.ca\/polymeric-sand-installation\/#breadcrumb","itemListElement":[{"@type":"ListItem","position":1,"name":"Home","item":"https:\/\/carpetexperts.ca\/"},{"@type":"ListItem","position":2,"name":"Polymeric Sand Installation"}]},{"@type":"WebSite","@id":"https:\/\/carpetexperts.ca\/#website","url":"https:\/\/carpetexperts.ca\/","name":"Experts en Tapis Ottawa","description":"Services professionnels d'installation de tapis \u00e0 Ottawa. Tapis d'escalier, r\u00e9parations, \u00e9tirement et rev\u00eatements commerciaux.","potentialAction":[{"@type":"SearchAction","target":{"@type":"EntryPoint","urlTemplate":"https:\/\/carpetexperts.ca\/?s={search_term_string}"},"query-input":{"@type":"PropertyValueSpecification","valueRequired":true,"valueName":"search_term_string"}}],"inLanguage":"fr-CA"}]}},"_links":{"self":[{"href":"https:\/\/carpetexperts.ca\/fr\/wp-json\/wp\/v2\/pages\/37","targetHints":{"allow":["GET"]}}],"collection":[{"href":"https:\/\/carpetexperts.ca\/fr\/wp-json\/wp\/v2\/pages"}],"about":[{"href":"https:\/\/carpetexperts.ca\/fr\/wp-json\/wp\/v2\/types\/page"}],"author":[{"embeddable":true,"href":"https:\/\/carpetexperts.ca\/fr\/wp-json\/wp\/v2\/users\/1"}],"replies":[{"embeddable":true,"href":"https:\/\/carpetexperts.ca\/fr\/wp-json\/wp\/v2\/comments?post=37"}],"version-history":[{"count":0,"href":"https:\/\/carpetexperts.ca\/fr\/wp-json\/wp\/v2\/pages\/37\/revisions"}],"wp:attachment":[{"href":"https:\/\/carpetexperts.ca\/fr\/wp-json\/wp\/v2\/media?parent=37"}],"curies":[{"name":"wp","href":"https:\/\/api.w.org\/{rel}","templated":true}]}}