{"id":34,"date":"2025-12-20T15:28:28","date_gmt":"2025-12-20T15:28:28","guid":{"rendered":"http:\/\/127.0.0.1\/interlock-repair\/"},"modified":"2025-12-20T15:28:28","modified_gmt":"2025-12-20T15:28:28","slug":"carpet-replacement","status":"publish","type":"page","link":"https:\/\/carpetexperts.ca\/fr\/carpet-replacement\/","title":{"rendered":"Remplacement de Tapis"},"content":{"rendered":"<p>Time for new carpet? We remove your old carpet, dispose of it responsibly, and install fresh new flooring. Complete carpet replacement including furniture moving, subfloor preparation, and professional installation.<\/p>","protected":false},"excerpt":{"rendered":"<p>Services de remplacement de tapis \u00e0 Ottawa<\/p>","protected":false},"author":1,"featured_media":0,"parent":0,"menu_order":0,"comment_status":"closed","ping_status":"closed","template":"page-templates\/template-service.php","meta":{"_acf_changed":false,"footnotes":""},"class_list":["post-34","page","type-page","status-publish","hentry"],"acf":[],"yoast_head":"<!-- This site is optimized with the Yoast SEO plugin v26.6 - https:\/\/yoast.com\/wordpress\/plugins\/seo\/ -->\n<title>Carpet Replacement Ottawa | Remove Old &amp; Install New<\/title>\n<meta name=\"description\" content=\"Complete carpet replacement in Ottawa. Remove old carpet, install fresh flooring.\" \/>\n<meta name=\"robots\" content=\"index, follow, max-snippet:-1, max-image-preview:large, max-video-preview:-1\" \/>\n<link rel=\"canonical\" href=\"https:\/\/carpetexperts.ca\/fr\/interlock-repair\/\" \/>\n<meta property=\"og:locale\" content=\"fr_CA\" \/>\n<meta property=\"og:type\" content=\"article\" \/>\n<meta property=\"og:title\" content=\"Carpet Replacement Ottawa | Remove Old &amp; Install New\" \/>\n<meta property=\"og:description\" content=\"Complete carpet replacement in Ottawa. Remove old carpet, install fresh flooring.\" \/>\n<meta property=\"og:url\" content=\"https:\/\/carpetexperts.ca\/fr\/interlock-repair\/\" \/>\n<meta property=\"og:site_name\" content=\"Carpet Experts Ottawa\" \/>\n<meta name=\"twitter:card\" content=\"summary_large_image\" \/>\n<script type=\"application\/ld+json\" class=\"yoast-schema-graph\">{\"@context\":\"https:\/\/schema.org\",\"@graph\":[{\"@type\":\"WebPage\",\"@id\":\"https:\/\/carpetexperts.ca\/interlock-repair\/\",\"url\":\"https:\/\/carpetexperts.ca\/interlock-repair\/\",\"name\":\"Carpet Replacement Ottawa | Remove Old & Install New\",\"isPartOf\":{\"@id\":\"https:\/\/carpetexperts.ca\/#website\"},\"datePublished\":\"2025-12-20T15:28:28+00:00\",\"description\":\"Complete carpet replacement in Ottawa. Remove old carpet, install fresh flooring.\",\"breadcrumb\":{\"@id\":\"https:\/\/carpetexperts.ca\/interlock-repair\/#breadcrumb\"},\"inLanguage\":\"fr-CA\",\"potentialAction\":[{\"@type\":\"ReadAction\",\"target\":[\"https:\/\/carpetexperts.ca\/interlock-repair\/\"]}]},{\"@type\":\"BreadcrumbList\",\"@id\":\"https:\/\/carpetexperts.ca\/interlock-repair\/#breadcrumb\",\"itemListElement\":[{\"@type\":\"ListItem\",\"position\":1,\"name\":\"Home\",\"item\":\"https:\/\/carpetexperts.ca\/\"},{\"@type\":\"ListItem\",\"position\":2,\"name\":\"Interlock Repair\"}]},{\"@type\":\"WebSite\",\"@id\":\"https:\/\/carpetexperts.ca\/#website\",\"url\":\"https:\/\/carpetexperts.ca\/\",\"name\":\"Carpet Experts Ottawa\",\"description\":\"Professional carpet installation services in Ottawa. Expert stair carpet, repairs, stretching & commercial flooring.\",\"potentialAction\":[{\"@type\":\"SearchAction\",\"target\":{\"@type\":\"EntryPoint\",\"urlTemplate\":\"https:\/\/carpetexperts.ca\/?s={search_term_string}\"},\"query-input\":{\"@type\":\"PropertyValueSpecification\",\"valueRequired\":true,\"valueName\":\"search_term_string\"}}],\"inLanguage\":\"fr-CA\"}]}<\/script>\n<!-- \/ Yoast SEO plugin. -->","yoast_head_json":{"title":"Remplacement de tapis Ottawa | Retrait et nouvelle installation","description":"Remplacement complet de tapis \u00e0 Ottawa. Retirez l'ancien tapis, installez un nouveau rev\u00eatement.","robots":{"index":"index","follow":"follow","max-snippet":"max-snippet:-1","max-image-preview":"max-image-preview:large","max-video-preview":"max-video-preview:-1"},"canonical":"https:\/\/carpetexperts.ca\/fr\/interlock-repair\/","og_locale":"fr_CA","og_type":"article","og_title":"Carpet Replacement Ottawa | Remove Old & Install New","og_description":"Complete carpet replacement in Ottawa. Remove old carpet, install fresh flooring.","og_url":"https:\/\/carpetexperts.ca\/fr\/interlock-repair\/","og_site_name":"Carpet Experts Ottawa","twitter_card":"summary_large_image","schema":{"@context":"https:\/\/schema.org","@graph":[{"@type":"WebPage","@id":"https:\/\/carpetexperts.ca\/interlock-repair\/","url":"https:\/\/carpetexperts.ca\/interlock-repair\/","name":"Remplacement de tapis Ottawa | Retrait et nouvelle installation","isPartOf":{"@id":"https:\/\/carpetexperts.ca\/#website"},"datePublished":"2025-12-20T15:28:28+00:00","description":"Remplacement complet de tapis \u00e0 Ottawa. Retirez l'ancien tapis, installez un nouveau rev\u00eatement.","breadcrumb":{"@id":"https:\/\/carpetexperts.ca\/interlock-repair\/#breadcrumb"},"inLanguage":"fr-CA","potentialAction":[{"@type":"ReadAction","target":["https:\/\/carpetexperts.ca\/interlock-repair\/"]}]},{"@type":"BreadcrumbList","@id":"https:\/\/carpetexperts.ca\/interlock-repair\/#breadcrumb","itemListElement":[{"@type":"ListItem","position":1,"name":"Home","item":"https:\/\/carpetexperts.ca\/"},{"@type":"ListItem","position":2,"name":"Interlock Repair"}]},{"@type":"WebSite","@id":"https:\/\/carpetexperts.ca\/#website","url":"https:\/\/carpetexperts.ca\/","name":"Experts en Tapis Ottawa","description":"Services professionnels d'installation de tapis \u00e0 Ottawa. Tapis d'escalier, r\u00e9parations, \u00e9tirement et rev\u00eatements commerciaux.","potentialAction":[{"@type":"SearchAction","target":{"@type":"EntryPoint","urlTemplate":"https:\/\/carpetexperts.ca\/?s={search_term_string}"},"query-input":{"@type":"PropertyValueSpecification","valueRequired":true,"valueName":"search_term_string"}}],"inLanguage":"fr-CA"}]}},"_links":{"self":[{"href":"https:\/\/carpetexperts.ca\/fr\/wp-json\/wp\/v2\/pages\/34","targetHints":{"allow":["GET"]}}],"collection":[{"href":"https:\/\/carpetexperts.ca\/fr\/wp-json\/wp\/v2\/pages"}],"about":[{"href":"https:\/\/carpetexperts.ca\/fr\/wp-json\/wp\/v2\/types\/page"}],"author":[{"embeddable":true,"href":"https:\/\/carpetexperts.ca\/fr\/wp-json\/wp\/v2\/users\/1"}],"replies":[{"embeddable":true,"href":"https:\/\/carpetexperts.ca\/fr\/wp-json\/wp\/v2\/comments?post=34"}],"version-history":[{"count":0,"href":"https:\/\/carpetexperts.ca\/fr\/wp-json\/wp\/v2\/pages\/34\/revisions"}],"wp:attachment":[{"href":"https:\/\/carpetexperts.ca\/fr\/wp-json\/wp\/v2\/media?parent=34"}],"curies":[{"name":"wp","href":"https:\/\/api.w.org\/{rel}","templated":true}]}}