{"id":33,"date":"2025-12-20T15:28:28","date_gmt":"2025-12-20T15:28:28","guid":{"rendered":"http:\/\/127.0.0.1\/driveway-extension\/"},"modified":"2025-12-20T15:28:28","modified_gmt":"2025-12-20T15:28:28","slug":"commercial-carpet","status":"publish","type":"page","link":"https:\/\/carpetexperts.ca\/fr\/commercial-carpet\/","title":{"rendered":"Tapis Commercial"},"content":{"rendered":"<p>Professional carpet installation for offices, retail spaces, and commercial buildings. We install carpet tiles and broadloom with minimal disruption to your business. Weekend and after-hours installation available.<\/p>","protected":false},"excerpt":{"rendered":"<p>Installation de tapis commercial \u00e0 Ottawa<\/p>","protected":false},"author":1,"featured_media":0,"parent":0,"menu_order":0,"comment_status":"closed","ping_status":"closed","template":"page-templates\/template-service.php","meta":{"_acf_changed":false,"footnotes":""},"class_list":["post-33","page","type-page","status-publish","hentry"],"acf":[],"yoast_head":"<!-- This site is optimized with the Yoast SEO plugin v26.6 - https:\/\/yoast.com\/wordpress\/plugins\/seo\/ -->\n<title>Commercial Carpet Ottawa | Office &amp; Business Flooring<\/title>\n<meta name=\"description\" content=\"Commercial carpet installation in Ottawa. Carpet tiles and broadloom for offices and businesses.\" \/>\n<meta name=\"robots\" content=\"index, follow, max-snippet:-1, max-image-preview:large, max-video-preview:-1\" \/>\n<link rel=\"canonical\" href=\"https:\/\/carpetexperts.ca\/fr\/driveway-extension\/\" \/>\n<meta property=\"og:locale\" content=\"fr_CA\" \/>\n<meta property=\"og:type\" content=\"article\" \/>\n<meta property=\"og:title\" content=\"Commercial Carpet Ottawa | Office &amp; Business Flooring\" \/>\n<meta property=\"og:description\" content=\"Commercial carpet installation in Ottawa. Carpet tiles and broadloom for offices and businesses.\" \/>\n<meta property=\"og:url\" content=\"https:\/\/carpetexperts.ca\/fr\/driveway-extension\/\" \/>\n<meta property=\"og:site_name\" content=\"Carpet Experts Ottawa\" \/>\n<meta name=\"twitter:card\" content=\"summary_large_image\" \/>\n<script type=\"application\/ld+json\" class=\"yoast-schema-graph\">{\"@context\":\"https:\/\/schema.org\",\"@graph\":[{\"@type\":\"WebPage\",\"@id\":\"https:\/\/carpetexperts.ca\/driveway-extension\/\",\"url\":\"https:\/\/carpetexperts.ca\/driveway-extension\/\",\"name\":\"Commercial Carpet Ottawa | Office & Business Flooring\",\"isPartOf\":{\"@id\":\"https:\/\/carpetexperts.ca\/#website\"},\"datePublished\":\"2025-12-20T15:28:28+00:00\",\"description\":\"Commercial carpet installation in Ottawa. Carpet tiles and broadloom for offices and businesses.\",\"breadcrumb\":{\"@id\":\"https:\/\/carpetexperts.ca\/driveway-extension\/#breadcrumb\"},\"inLanguage\":\"fr-CA\",\"potentialAction\":[{\"@type\":\"ReadAction\",\"target\":[\"https:\/\/carpetexperts.ca\/driveway-extension\/\"]}]},{\"@type\":\"BreadcrumbList\",\"@id\":\"https:\/\/carpetexperts.ca\/driveway-extension\/#breadcrumb\",\"itemListElement\":[{\"@type\":\"ListItem\",\"position\":1,\"name\":\"Home\",\"item\":\"https:\/\/carpetexperts.ca\/\"},{\"@type\":\"ListItem\",\"position\":2,\"name\":\"Driveway Extension\"}]},{\"@type\":\"WebSite\",\"@id\":\"https:\/\/carpetexperts.ca\/#website\",\"url\":\"https:\/\/carpetexperts.ca\/\",\"name\":\"Carpet Experts Ottawa\",\"description\":\"Professional carpet installation services in Ottawa. Expert stair carpet, repairs, stretching & commercial flooring.\",\"potentialAction\":[{\"@type\":\"SearchAction\",\"target\":{\"@type\":\"EntryPoint\",\"urlTemplate\":\"https:\/\/carpetexperts.ca\/?s={search_term_string}\"},\"query-input\":{\"@type\":\"PropertyValueSpecification\",\"valueRequired\":true,\"valueName\":\"search_term_string\"}}],\"inLanguage\":\"fr-CA\"}]}<\/script>\n<!-- \/ Yoast SEO plugin. -->","yoast_head_json":{"title":"Tapis commercial Ottawa | Rev\u00eatement de bureaux et entreprises","description":"Installation de tapis commercial \u00e0 Ottawa. Dalles de tapis et moquette pour bureaux et entreprises.","robots":{"index":"index","follow":"follow","max-snippet":"max-snippet:-1","max-image-preview":"max-image-preview:large","max-video-preview":"max-video-preview:-1"},"canonical":"https:\/\/carpetexperts.ca\/fr\/driveway-extension\/","og_locale":"fr_CA","og_type":"article","og_title":"Commercial Carpet Ottawa | Office & Business Flooring","og_description":"Commercial carpet installation in Ottawa. Carpet tiles and broadloom for offices and businesses.","og_url":"https:\/\/carpetexperts.ca\/fr\/driveway-extension\/","og_site_name":"Carpet Experts Ottawa","twitter_card":"summary_large_image","schema":{"@context":"https:\/\/schema.org","@graph":[{"@type":"WebPage","@id":"https:\/\/carpetexperts.ca\/driveway-extension\/","url":"https:\/\/carpetexperts.ca\/driveway-extension\/","name":"Tapis commercial Ottawa | Rev\u00eatement de bureaux et entreprises","isPartOf":{"@id":"https:\/\/carpetexperts.ca\/#website"},"datePublished":"2025-12-20T15:28:28+00:00","description":"Installation de tapis commercial \u00e0 Ottawa. Dalles de tapis et moquette pour bureaux et entreprises.","breadcrumb":{"@id":"https:\/\/carpetexperts.ca\/driveway-extension\/#breadcrumb"},"inLanguage":"fr-CA","potentialAction":[{"@type":"ReadAction","target":["https:\/\/carpetexperts.ca\/driveway-extension\/"]}]},{"@type":"BreadcrumbList","@id":"https:\/\/carpetexperts.ca\/driveway-extension\/#breadcrumb","itemListElement":[{"@type":"ListItem","position":1,"name":"Home","item":"https:\/\/carpetexperts.ca\/"},{"@type":"ListItem","position":2,"name":"Driveway Extension"}]},{"@type":"WebSite","@id":"https:\/\/carpetexperts.ca\/#website","url":"https:\/\/carpetexperts.ca\/","name":"Experts en Tapis Ottawa","description":"Services professionnels d'installation de tapis \u00e0 Ottawa. Tapis d'escalier, r\u00e9parations, \u00e9tirement et rev\u00eatements commerciaux.","potentialAction":[{"@type":"SearchAction","target":{"@type":"EntryPoint","urlTemplate":"https:\/\/carpetexperts.ca\/?s={search_term_string}"},"query-input":{"@type":"PropertyValueSpecification","valueRequired":true,"valueName":"search_term_string"}}],"inLanguage":"fr-CA"}]}},"_links":{"self":[{"href":"https:\/\/carpetexperts.ca\/fr\/wp-json\/wp\/v2\/pages\/33","targetHints":{"allow":["GET"]}}],"collection":[{"href":"https:\/\/carpetexperts.ca\/fr\/wp-json\/wp\/v2\/pages"}],"about":[{"href":"https:\/\/carpetexperts.ca\/fr\/wp-json\/wp\/v2\/types\/page"}],"author":[{"embeddable":true,"href":"https:\/\/carpetexperts.ca\/fr\/wp-json\/wp\/v2\/users\/1"}],"replies":[{"embeddable":true,"href":"https:\/\/carpetexperts.ca\/fr\/wp-json\/wp\/v2\/comments?post=33"}],"version-history":[{"count":0,"href":"https:\/\/carpetexperts.ca\/fr\/wp-json\/wp\/v2\/pages\/33\/revisions"}],"wp:attachment":[{"href":"https:\/\/carpetexperts.ca\/fr\/wp-json\/wp\/v2\/media?parent=33"}],"curies":[{"name":"wp","href":"https:\/\/api.w.org\/{rel}","templated":true}]}}