{"id":32,"date":"2025-12-20T15:28:28","date_gmt":"2025-12-20T15:28:28","guid":{"rendered":"http:\/\/127.0.0.1\/backyard-interlock\/"},"modified":"2025-12-20T15:28:28","modified_gmt":"2025-12-20T15:28:28","slug":"carpet-stretching","status":"publish","type":"page","link":"https:\/\/carpetexperts.ca\/fr\/carpet-stretching\/","title":{"rendered":"\u00c9tirement de Tapis"},"content":{"rendered":"<p>Eliminate wrinkles, bumps, and loose carpet with professional stretching. Our power stretching technique removes ripples and re-secures your carpet to the tack strips, extending its life and restoring its appearance.<\/p>","protected":false},"excerpt":{"rendered":"<p>\u00c9tirement et r\u00e9-\u00e9tirement de tapis \u00e0 Ottawa<\/p>","protected":false},"author":1,"featured_media":0,"parent":0,"menu_order":0,"comment_status":"closed","ping_status":"closed","template":"page-templates\/template-service.php","meta":{"_acf_changed":false,"footnotes":""},"class_list":["post-32","page","type-page","status-publish","hentry"],"acf":[],"yoast_head":"<!-- This site is optimized with the Yoast SEO plugin v26.6 - https:\/\/yoast.com\/wordpress\/plugins\/seo\/ -->\n<title>Carpet Stretching Ottawa | Re-Stretch Loose &amp; Wrinkled Carpet<\/title>\n<meta name=\"description\" content=\"Professional carpet stretching in Ottawa. Remove wrinkles, ripples &amp; bumps. Extend carpet life.\" \/>\n<meta name=\"robots\" content=\"index, follow, max-snippet:-1, max-image-preview:large, max-video-preview:-1\" \/>\n<link rel=\"canonical\" href=\"https:\/\/carpetexperts.ca\/fr\/backyard-interlock\/\" \/>\n<meta property=\"og:locale\" content=\"fr_CA\" \/>\n<meta property=\"og:type\" content=\"article\" \/>\n<meta property=\"og:title\" content=\"Carpet Stretching Ottawa | Re-Stretch Loose &amp; Wrinkled Carpet\" \/>\n<meta property=\"og:description\" content=\"Professional carpet stretching in Ottawa. Remove wrinkles, ripples &amp; bumps. Extend carpet life.\" \/>\n<meta property=\"og:url\" content=\"https:\/\/carpetexperts.ca\/fr\/backyard-interlock\/\" \/>\n<meta property=\"og:site_name\" content=\"Carpet Experts Ottawa\" \/>\n<meta name=\"twitter:card\" content=\"summary_large_image\" \/>\n<script type=\"application\/ld+json\" class=\"yoast-schema-graph\">{\"@context\":\"https:\/\/schema.org\",\"@graph\":[{\"@type\":\"WebPage\",\"@id\":\"https:\/\/carpetexperts.ca\/backyard-interlock\/\",\"url\":\"https:\/\/carpetexperts.ca\/backyard-interlock\/\",\"name\":\"Carpet Stretching Ottawa | Re-Stretch Loose & Wrinkled Carpet\",\"isPartOf\":{\"@id\":\"https:\/\/carpetexperts.ca\/#website\"},\"datePublished\":\"2025-12-20T15:28:28+00:00\",\"description\":\"Professional carpet stretching in Ottawa. Remove wrinkles, ripples & bumps. Extend carpet life.\",\"breadcrumb\":{\"@id\":\"https:\/\/carpetexperts.ca\/backyard-interlock\/#breadcrumb\"},\"inLanguage\":\"fr-CA\",\"potentialAction\":[{\"@type\":\"ReadAction\",\"target\":[\"https:\/\/carpetexperts.ca\/backyard-interlock\/\"]}]},{\"@type\":\"BreadcrumbList\",\"@id\":\"https:\/\/carpetexperts.ca\/backyard-interlock\/#breadcrumb\",\"itemListElement\":[{\"@type\":\"ListItem\",\"position\":1,\"name\":\"Home\",\"item\":\"https:\/\/carpetexperts.ca\/\"},{\"@type\":\"ListItem\",\"position\":2,\"name\":\"Backyard Interlock\"}]},{\"@type\":\"WebSite\",\"@id\":\"https:\/\/carpetexperts.ca\/#website\",\"url\":\"https:\/\/carpetexperts.ca\/\",\"name\":\"Carpet Experts Ottawa\",\"description\":\"Professional carpet installation services in Ottawa. Expert stair carpet, repairs, stretching & commercial flooring.\",\"potentialAction\":[{\"@type\":\"SearchAction\",\"target\":{\"@type\":\"EntryPoint\",\"urlTemplate\":\"https:\/\/carpetexperts.ca\/?s={search_term_string}\"},\"query-input\":{\"@type\":\"PropertyValueSpecification\",\"valueRequired\":true,\"valueName\":\"search_term_string\"}}],\"inLanguage\":\"fr-CA\"}]}<\/script>\n<!-- \/ Yoast SEO plugin. -->","yoast_head_json":{"title":"\u00c9tirement de tapis Ottawa | R\u00e9-\u00e9tirez les tapis l\u00e2ches et froiss\u00e9s","description":"\u00c9tirement professionnel de tapis \u00e0 Ottawa. \u00c9liminez les plis, ondulations et bosses. Prolongez la vie du tapis.","robots":{"index":"index","follow":"follow","max-snippet":"max-snippet:-1","max-image-preview":"max-image-preview:large","max-video-preview":"max-video-preview:-1"},"canonical":"https:\/\/carpetexperts.ca\/fr\/backyard-interlock\/","og_locale":"fr_CA","og_type":"article","og_title":"Carpet Stretching Ottawa | Re-Stretch Loose & Wrinkled Carpet","og_description":"Professional carpet stretching in Ottawa. Remove wrinkles, ripples & bumps. Extend carpet life.","og_url":"https:\/\/carpetexperts.ca\/fr\/backyard-interlock\/","og_site_name":"Carpet Experts Ottawa","twitter_card":"summary_large_image","schema":{"@context":"https:\/\/schema.org","@graph":[{"@type":"WebPage","@id":"https:\/\/carpetexperts.ca\/backyard-interlock\/","url":"https:\/\/carpetexperts.ca\/backyard-interlock\/","name":"\u00c9tirement de tapis Ottawa | R\u00e9-\u00e9tirez les tapis l\u00e2ches et froiss\u00e9s","isPartOf":{"@id":"https:\/\/carpetexperts.ca\/#website"},"datePublished":"2025-12-20T15:28:28+00:00","description":"\u00c9tirement professionnel de tapis \u00e0 Ottawa. \u00c9liminez les plis, ondulations et bosses. Prolongez la vie du tapis.","breadcrumb":{"@id":"https:\/\/carpetexperts.ca\/backyard-interlock\/#breadcrumb"},"inLanguage":"fr-CA","potentialAction":[{"@type":"ReadAction","target":["https:\/\/carpetexperts.ca\/backyard-interlock\/"]}]},{"@type":"BreadcrumbList","@id":"https:\/\/carpetexperts.ca\/backyard-interlock\/#breadcrumb","itemListElement":[{"@type":"ListItem","position":1,"name":"Home","item":"https:\/\/carpetexperts.ca\/"},{"@type":"ListItem","position":2,"name":"Backyard Interlock"}]},{"@type":"WebSite","@id":"https:\/\/carpetexperts.ca\/#website","url":"https:\/\/carpetexperts.ca\/","name":"Experts en Tapis Ottawa","description":"Services professionnels d'installation de tapis \u00e0 Ottawa. Tapis d'escalier, r\u00e9parations, \u00e9tirement et rev\u00eatements commerciaux.","potentialAction":[{"@type":"SearchAction","target":{"@type":"EntryPoint","urlTemplate":"https:\/\/carpetexperts.ca\/?s={search_term_string}"},"query-input":{"@type":"PropertyValueSpecification","valueRequired":true,"valueName":"search_term_string"}}],"inLanguage":"fr-CA"}]}},"_links":{"self":[{"href":"https:\/\/carpetexperts.ca\/fr\/wp-json\/wp\/v2\/pages\/32","targetHints":{"allow":["GET"]}}],"collection":[{"href":"https:\/\/carpetexperts.ca\/fr\/wp-json\/wp\/v2\/pages"}],"about":[{"href":"https:\/\/carpetexperts.ca\/fr\/wp-json\/wp\/v2\/types\/page"}],"author":[{"embeddable":true,"href":"https:\/\/carpetexperts.ca\/fr\/wp-json\/wp\/v2\/users\/1"}],"replies":[{"embeddable":true,"href":"https:\/\/carpetexperts.ca\/fr\/wp-json\/wp\/v2\/comments?post=32"}],"version-history":[{"count":0,"href":"https:\/\/carpetexperts.ca\/fr\/wp-json\/wp\/v2\/pages\/32\/revisions"}],"wp:attachment":[{"href":"https:\/\/carpetexperts.ca\/fr\/wp-json\/wp\/v2\/media?parent=32"}],"curies":[{"name":"wp","href":"https:\/\/api.w.org\/{rel}","templated":true}]}}