{"id":30,"date":"2025-12-20T15:28:28","date_gmt":"2025-12-20T15:28:28","guid":{"rendered":"http:\/\/127.0.0.1\/interlock-patio\/"},"modified":"2025-12-20T15:28:28","modified_gmt":"2025-12-20T15:28:28","slug":"stair-carpet","status":"publish","type":"page","link":"https:\/\/carpetexperts.ca\/fr\/stair-carpet\/","title":{"rendered":"Tapis d'Escalier"},"content":{"rendered":"<p>Add safety and elegance to your stairs with professional carpet installation. Whether you prefer runners, full coverage, or waterfall style, our stair carpet services enhance both aesthetics and safety. Perfect for reducing noise and preventing slips.<\/p>\n<p>Looking for a stair runner specifically? See our <a href=\"\/fr\/installation-chemin-escalier-ottawa\/\">Installation de chemin d'escalier<\/a> service for dedicated runner installation with optional stair rods and custom widths.<\/p>","protected":false},"excerpt":{"rendered":"<p>Stair carpet and runner installation in Ottawa<\/p>","protected":false},"author":1,"featured_media":0,"parent":0,"menu_order":0,"comment_status":"closed","ping_status":"closed","template":"page-templates\/template-service.php","meta":{"_acf_changed":false,"footnotes":""},"class_list":["post-30","page","type-page","status-publish","hentry"],"acf":[],"yoast_head":"<!-- This site is optimized with the Yoast SEO plugin v26.6 - https:\/\/yoast.com\/wordpress\/plugins\/seo\/ -->\n<title>Stair Carpet Ottawa | Runners &amp; Full Coverage Installation<\/title>\n<meta name=\"description\" content=\"Professional stair carpet installation in Ottawa. Runners, full coverage, waterfall styles.\" \/>\n<meta name=\"robots\" content=\"index, follow, max-snippet:-1, max-image-preview:large, max-video-preview:-1\" \/>\n<link rel=\"canonical\" href=\"https:\/\/carpetexperts.ca\/fr\/interlock-patio\/\" \/>\n<meta property=\"og:locale\" content=\"fr_CA\" \/>\n<meta property=\"og:type\" content=\"article\" \/>\n<meta property=\"og:title\" content=\"Stair Carpet Ottawa | Runners &amp; Full Coverage Installation\" \/>\n<meta property=\"og:description\" content=\"Professional stair carpet installation in Ottawa. Runners, full coverage, waterfall styles.\" \/>\n<meta property=\"og:url\" content=\"https:\/\/carpetexperts.ca\/fr\/interlock-patio\/\" \/>\n<meta property=\"og:site_name\" content=\"Carpet Experts Ottawa\" \/>\n<meta name=\"twitter:card\" content=\"summary_large_image\" \/>\n<script type=\"application\/ld+json\" class=\"yoast-schema-graph\">{\"@context\":\"https:\/\/schema.org\",\"@graph\":[{\"@type\":\"WebPage\",\"@id\":\"https:\/\/carpetexperts.ca\/interlock-patio\/\",\"url\":\"https:\/\/carpetexperts.ca\/interlock-patio\/\",\"name\":\"Stair Carpet Ottawa | Runners & Full Coverage Installation\",\"isPartOf\":{\"@id\":\"https:\/\/carpetexperts.ca\/#website\"},\"datePublished\":\"2025-12-20T15:28:28+00:00\",\"description\":\"Professional stair carpet installation in Ottawa. Runners, full coverage, waterfall styles.\",\"breadcrumb\":{\"@id\":\"https:\/\/carpetexperts.ca\/interlock-patio\/#breadcrumb\"},\"inLanguage\":\"fr-CA\",\"potentialAction\":[{\"@type\":\"ReadAction\",\"target\":[\"https:\/\/carpetexperts.ca\/interlock-patio\/\"]}]},{\"@type\":\"BreadcrumbList\",\"@id\":\"https:\/\/carpetexperts.ca\/interlock-patio\/#breadcrumb\",\"itemListElement\":[{\"@type\":\"ListItem\",\"position\":1,\"name\":\"Home\",\"item\":\"https:\/\/carpetexperts.ca\/\"},{\"@type\":\"ListItem\",\"position\":2,\"name\":\"Interlock Patio\"}]},{\"@type\":\"WebSite\",\"@id\":\"https:\/\/carpetexperts.ca\/#website\",\"url\":\"https:\/\/carpetexperts.ca\/\",\"name\":\"Carpet Experts Ottawa\",\"description\":\"Professional carpet installation services in Ottawa. Expert stair carpet, repairs, stretching & commercial flooring.\",\"potentialAction\":[{\"@type\":\"SearchAction\",\"target\":{\"@type\":\"EntryPoint\",\"urlTemplate\":\"https:\/\/carpetexperts.ca\/?s={search_term_string}\"},\"query-input\":{\"@type\":\"PropertyValueSpecification\",\"valueRequired\":true,\"valueName\":\"search_term_string\"}}],\"inLanguage\":\"fr-CA\"}]}<\/script>\n<!-- \/ Yoast SEO plugin. -->","yoast_head_json":{"title":"Stair Carpet Ottawa | Runners & Full Coverage Installation","description":"Professional stair carpet installation in Ottawa. Runners, full coverage, waterfall styles.","robots":{"index":"index","follow":"follow","max-snippet":"max-snippet:-1","max-image-preview":"max-image-preview:large","max-video-preview":"max-video-preview:-1"},"canonical":"https:\/\/carpetexperts.ca\/fr\/interlock-patio\/","og_locale":"fr_CA","og_type":"article","og_title":"Stair Carpet Ottawa | Runners & Full Coverage Installation","og_description":"Professional stair carpet installation in Ottawa. Runners, full coverage, waterfall styles.","og_url":"https:\/\/carpetexperts.ca\/fr\/interlock-patio\/","og_site_name":"Carpet Experts Ottawa","twitter_card":"summary_large_image","schema":{"@context":"https:\/\/schema.org","@graph":[{"@type":"WebPage","@id":"https:\/\/carpetexperts.ca\/interlock-patio\/","url":"https:\/\/carpetexperts.ca\/interlock-patio\/","name":"Stair Carpet Ottawa | Runners & Full Coverage Installation","isPartOf":{"@id":"https:\/\/carpetexperts.ca\/#website"},"datePublished":"2025-12-20T15:28:28+00:00","description":"Professional stair carpet installation in Ottawa. Runners, full coverage, waterfall styles.","breadcrumb":{"@id":"https:\/\/carpetexperts.ca\/interlock-patio\/#breadcrumb"},"inLanguage":"fr-CA","potentialAction":[{"@type":"ReadAction","target":["https:\/\/carpetexperts.ca\/interlock-patio\/"]}]},{"@type":"BreadcrumbList","@id":"https:\/\/carpetexperts.ca\/interlock-patio\/#breadcrumb","itemListElement":[{"@type":"ListItem","position":1,"name":"Home","item":"https:\/\/carpetexperts.ca\/"},{"@type":"ListItem","position":2,"name":"Interlock Patio"}]},{"@type":"WebSite","@id":"https:\/\/carpetexperts.ca\/#website","url":"https:\/\/carpetexperts.ca\/","name":"Experts en Tapis Ottawa","description":"Services professionnels d'installation de tapis \u00e0 Ottawa. Tapis d'escalier, r\u00e9parations, \u00e9tirement et rev\u00eatements commerciaux.","potentialAction":[{"@type":"SearchAction","target":{"@type":"EntryPoint","urlTemplate":"https:\/\/carpetexperts.ca\/?s={search_term_string}"},"query-input":{"@type":"PropertyValueSpecification","valueRequired":true,"valueName":"search_term_string"}}],"inLanguage":"fr-CA"}]}},"_links":{"self":[{"href":"https:\/\/carpetexperts.ca\/fr\/wp-json\/wp\/v2\/pages\/30","targetHints":{"allow":["GET"]}}],"collection":[{"href":"https:\/\/carpetexperts.ca\/fr\/wp-json\/wp\/v2\/pages"}],"about":[{"href":"https:\/\/carpetexperts.ca\/fr\/wp-json\/wp\/v2\/types\/page"}],"author":[{"embeddable":true,"href":"https:\/\/carpetexperts.ca\/fr\/wp-json\/wp\/v2\/users\/1"}],"replies":[{"embeddable":true,"href":"https:\/\/carpetexperts.ca\/fr\/wp-json\/wp\/v2\/comments?post=30"}],"version-history":[{"count":0,"href":"https:\/\/carpetexperts.ca\/fr\/wp-json\/wp\/v2\/pages\/30\/revisions"}],"wp:attachment":[{"href":"https:\/\/carpetexperts.ca\/fr\/wp-json\/wp\/v2\/media?parent=30"}],"curies":[{"name":"wp","href":"https:\/\/api.w.org\/{rel}","templated":true}]}}